{"id":3541,"date":"2022-01-14T09:48:26","date_gmt":"2022-01-14T09:48:26","guid":{"rendered":"https:\/\/perimatic.eu\/legal-information\/"},"modified":"2023-12-13T09:14:22","modified_gmt":"2023-12-13T09:14:22","slug":"legal-information","status":"publish","type":"page","link":"https:\/\/perimatic.eu\/en\/legal-information\/","title":{"rendered":"Legal information"},"content":{"rendered":"<h3>Publisher<\/h3>\n<p>The www.perimatic.eu website is the property of PERIMATIC SE.<\/p>\n<p style=\"text-align: left;\">Company name: PERIMATIC SA Soci\u00e9t\u00e9 Europ\u00e9enne<\/p>\n<p style=\"text-align: left;\">Address: 12 Avenue des Forgerons, 44730 SAINT MICHEL CHEF<\/p>\n<p style=\"text-align: left;\">Phone: +33 (0)2 28 53 01<\/p>\n<p style=\"text-align: left;\">SIRET No.: 421 581 091 00046<\/p>\n<p style=\"text-align: left;\">Share capital: 426 900 euros<\/p>\n<p style=\"text-align: left;\">Publications director: E. MAURICE<\/p>\n<p>&nbsp;<\/p>\n<h3>Credits<\/h3>\n<p>Visuals and illustrations: <a class=\"LinkOut\" href=\"https:\/\/www.bg-photographie.com\/\" target=\"_blank\" rel=\"noopener\">bg-photographie.com<\/a>, PERIMATIC<\/p>\n<p>&nbsp;<\/p>\n<h3>Hosting<\/h3>\n<p>OVH<\/p>\n<p>SAS with a capital of 10,069,020 \u20ac<\/p>\n<p>RCS Lille M\u00e9tropole 424 761 419 00045<\/p>\n<p>APE code 2620Z<\/p>\n<p>VAT No.: FR 22 424 761 419<\/p>\n<p>Head Office: 2 rue Kellermann &#8211; 59100 Roubaix &#8211; France<\/p>\n<p>&nbsp;<\/p>\n<h3>Production<\/h3>\n<p>Agence Kal\u00e9lia<\/p>\n<p>3, All\u00e9e Susan Brownell Anthony<\/p>\n<p>44200 Nantes, France<br \/>\n<a href=\"https:\/\/www.kalelia.fr\/\" target=\"_blank\" rel=\"noopener\">www.kalelia.fr<\/a><\/p>\n<p>&nbsp;<\/p>\n<h3>Intellectual property<\/h3>\n<p>The Website was created by Kal\u00e9lia which is the author within the meaning of articles L111.1 et seq. of the French Intellectual Property Code.<br \/>\nThe data and information appearing on the Website are the property of PERIMATIC and are therefore protected by the provisions of the Intellectual Property Code.<br \/>\nThe images and their formatting appearing on the Website are the property of PERIMATIC and are protected as such by the provisions of the Intellectual Property Code.<br \/>\nAll Users undertake not to use them and not to allow anyone else to use these contents for illegal purposes.<br \/>\nAny representation or reproduction, total or partial, permanent or temporary, on any support, and by any process whatsoever (in particular by framing*), of one or other of the elements of the Website, without the prior and express agreement of PERIMATIC is prohibited, and constitutes an act of counterfeiting, which may result in civil and\/or criminal penalties.<br \/>\nNo hypertext link to the Website may be installed without the prior and express agreement of PERIMATIC.<\/p>\n<p>*Action of capturing the content of pages on an Internet site in order to transfer it to one\u2019s own Internet site by means of a hypertext link, making the said content appear to be one\u2019s own.<\/p>\n<p>&nbsp;<\/p>\n<h3>Protection of personal data<\/h3>\n<p>Under the General Data Protection Regulation of 27 April 2016, every European citizen has the right to access, rectify and delete personal data collected by a company. To exercise your rights, contact our Data Protection Officer (DPO) by post (with a copy of your identification document if you wish to exercise your rights) at the following address:<\/p>\n<p>PERIMATIC<\/p>\n<p>12 Avenue des Forgerons<\/p>\n<p>44730 SAINT MICHEL CHEF CHEF<\/p>\n<p>&nbsp;<\/p>\n<div class=\"page_hentry_btn\">\n<p>See our <a href=\"https:\/\/perimatic.eu\/en\/privacy-policy\/\">privacy policy<\/a><\/p>\n<\/div>\n<p>&nbsp;<\/p>\n<h3>Responsibility<\/h3>\n<p>PERIMATIC declines all responsibility for any malfunctions that may occur on the Website and lead to unavailability of access to the information produced on the Website. The presence of hypertext links on the Website does not create joint responsibility between PERIMATIC and the owners of the other websites, as regards the content of the websites to which the user is redirected.<br \/>\nPERIMATIC cannot guarantee the exhaustiveness of the information present on the Website. In the same way, PERIMATIC cannot guarantee the absence of modification by a third party (intrusion, virus). In addition, users are solely responsible for the use they make of the content of the Website. Except in the case of serious misconduct on the part of PERIMATIC alone, PERIMATIC cannot be held liable for direct or indirect damage linked to the use of information produced on the Website.<br \/>\nApplicable law and jurisdiction<br \/>\nAll information published on the Website and the use made of it are subject exclusively to French law. Only the courts within the jurisdiction of the Nantes Court of Appeal are competent to hear any disputes.<\/p>\n","protected":false},"excerpt":{"rendered":"<p>Publisher The www.perimatic.eu website is the property of PERIMATIC SE. Company name: PERIMATIC SA Soci\u00e9t\u00e9&#8230; <br \/><a class=\"readmore\" href=\"https:\/\/perimatic.eu\/en\/legal-information\/\"><\/a><\/p>\n","protected":false},"author":1,"featured_media":0,"parent":0,"menu_order":0,"comment_status":"closed","ping_status":"closed","template":"","meta":{"footnotes":""},"class_list":["post-3541","page","type-page","status-publish","hentry"],"_links":{"self":[{"href":"https:\/\/perimatic.eu\/en\/wp-json\/wp\/v2\/pages\/3541","targetHints":{"allow":["GET"]}}],"collection":[{"href":"https:\/\/perimatic.eu\/en\/wp-json\/wp\/v2\/pages"}],"about":[{"href":"https:\/\/perimatic.eu\/en\/wp-json\/wp\/v2\/types\/page"}],"author":[{"embeddable":true,"href":"https:\/\/perimatic.eu\/en\/wp-json\/wp\/v2\/users\/1"}],"replies":[{"embeddable":true,"href":"https:\/\/perimatic.eu\/en\/wp-json\/wp\/v2\/comments?post=3541"}],"version-history":[{"count":2,"href":"https:\/\/perimatic.eu\/en\/wp-json\/wp\/v2\/pages\/3541\/revisions"}],"predecessor-version":[{"id":3597,"href":"https:\/\/perimatic.eu\/en\/wp-json\/wp\/v2\/pages\/3541\/revisions\/3597"}],"wp:attachment":[{"href":"https:\/\/perimatic.eu\/en\/wp-json\/wp\/v2\/media?parent=3541"}],"curies":[{"name":"wp","href":"https:\/\/api.w.org\/{rel}","templated":true}]}}